{"id":701,"date":"2017-09-21T15:43:15","date_gmt":"2017-09-21T15:43:15","guid":{"rendered":"http:\/\/blog.iberorentapartments.com\/parking-easo-center\/"},"modified":"2017-09-25T08:58:48","modified_gmt":"2017-09-25T08:58:48","slug":"parking-easo-center","status":"publish","type":"page","link":"https:\/\/blog.iberorentapartments.com\/fr\/parking-easo-center\/","title":{"rendered":"Parking inclus avec appartement Easo Center"},"content":{"rendered":"<p><a href=\"http:\/\/blog.iberorentapartments.com\/wp-content\/uploads\/2017\/09\/EASO-CENTER-PARKING-ENG.jpg\"><img fetchpriority=\"high\" decoding=\"async\" width=\"1200\" height=\"688\" class=\"alignnone size-large wp-image-683\" src=\"http:\/\/blog.iberorentapartments.com\/wp-content\/uploads\/2017\/09\/EASO-CENTER-PARKING-ENG.jpg\" alt=\"\" srcset=\"https:\/\/blog.iberorentapartments.com\/wp-content\/uploads\/2017\/09\/EASO-CENTER-PARKING-ENG.jpg 1200w, https:\/\/blog.iberorentapartments.com\/wp-content\/uploads\/2017\/09\/EASO-CENTER-PARKING-ENG-768x440.jpg 768w, https:\/\/blog.iberorentapartments.com\/wp-content\/uploads\/2017\/09\/EASO-CENTER-PARKING-ENG-751x430.jpg 751w\" sizes=\"(max-width: 1200px) 100vw, 1200px\" \/><\/a><\/p>\n<ul>\n<li><strong>LE STATIONNEMENT INCLUS EST SITU\u00c9 SUIVANT \u00c0 L&rsquo;ENTR\u00c9E DE L&rsquo;APPARTEMENT \u00c0 22 RUE URDANETA<\/strong><\/li>\n<li><span style=\"color: #ff0000;\"><strong>C&rsquo;EST UN STATIONNEMENT ROBOTIQUE ET A DES MESURES MAXIMALES POUR LES VOITURES<\/strong><\/span><\/li>\n<\/ul>\n<h3>MESURES MAXIMALES DE VOITURE<\/h3>\n<p>Max. Longueur totale &#8230;&#8230;&#8230;&#8230;&#8230;&#8230;&#8230;&#8230;&#8230;&#8230;&#8230;&#8230;&#8230;.. \u00a0 5.150 Mm.<br \/>\nMax. Largeur totale &#8230;&#8230;&#8230;&#8230;&#8230;&#8230;&#8230;&#8230;&#8230;&#8230;&#8230;&#8230;&#8230;&#8230;.. \u00a0 2.100 Mm.<br \/>\nMax. Total hauteur&#8230;&#8230;&#8230;&#8230;&#8230;&#8230;&#8230;&#8230;&#8230;&#8230;&#8230;&#8230;&#8230;&#8230;&#8230;. \u00a02.000 Mm.<br \/>\nMin. espace libre entre voiture et plancher &#8230;&#8230;. \u00a0100 Mm.<br \/>\nMax. poids. &#8230;&#8230;&#8230;&#8230;&#8230;&#8230;&#8230;&#8230;&#8230;&#8230;&#8230;&#8230;&#8230;&#8230;&#8230;&#8230;&#8230;&#8230;&#8230;. \u00a02.500 Kg.<br \/>\nCharge de roue max. &#8230;&#8230;&#8230;&#8230;&#8230;&#8230;&#8230;&#8230;&#8230;&#8230;&#8230;&#8230;&#8230;&#8230;. \u00a0750 Kg.<\/p>\n<p><a href=\"http:\/\/blog.iberorentapartments.com\/wp-content\/uploads\/2017\/09\/EASO-CENTER-DIMENSIONES.jpg\"><img decoding=\"async\" width=\"668\" height=\"363\" class=\"alignnone size-full wp-image-686\" src=\"http:\/\/blog.iberorentapartments.com\/wp-content\/uploads\/2017\/09\/EASO-CENTER-DIMENSIONES.jpg\" alt=\"\" \/><\/a><\/p>\n","protected":false},"excerpt":{"rendered":"<p>LE STATIONNEMENT INCLUS EST SITU\u00c9 SUIVANT \u00c0 L&rsquo;ENTR\u00c9E DE L&rsquo;APPARTEMENT \u00c0 22 RUE URDANETA C&rsquo;EST UN STATIONNEMENT ROBOTIQUE ET A&#8230;<\/p>\n","protected":false},"author":2,"featured_media":0,"parent":0,"menu_order":0,"comment_status":"closed","ping_status":"closed","template":"","meta":{"footnotes":""},"class_list":["post-701","page","type-page","status-publish","hentry"],"yoast_head":"<!-- This site is optimized with the Yoast SEO plugin v27.5 - https:\/\/yoast.com\/product\/yoast-seo-wordpress\/ -->\n<title>Parking inclus avec appartement Easo Center - Blog Iberorent Apartments San Sebasti\u00e1n<\/title>\n<meta name=\"robots\" content=\"index, follow, max-snippet:-1, max-image-preview:large, max-video-preview:-1\" \/>\n<link rel=\"canonical\" href=\"https:\/\/blog.iberorentapartments.com\/fr\/parking-easo-center\/\" \/>\n<meta property=\"og:locale\" content=\"fr_FR\" \/>\n<meta property=\"og:type\" content=\"article\" \/>\n<meta property=\"og:title\" content=\"Parking inclus avec appartement Easo Center - Blog Iberorent Apartments San Sebasti\u00e1n\" \/>\n<meta property=\"og:description\" content=\"LE STATIONNEMENT INCLUS EST SITU\u00c9 SUIVANT \u00c0 L&rsquo;ENTR\u00c9E DE L&rsquo;APPARTEMENT \u00c0 22 RUE URDANETA C&rsquo;EST UN STATIONNEMENT ROBOTIQUE ET A...\" \/>\n<meta property=\"og:url\" content=\"https:\/\/blog.iberorentapartments.com\/fr\/parking-easo-center\/\" \/>\n<meta property=\"og:site_name\" content=\"Blog Iberorent Apartments San Sebasti\u00e1n\" \/>\n<meta property=\"article:modified_time\" content=\"2017-09-25T08:58:48+00:00\" \/>\n<meta property=\"og:image\" content=\"http:\/\/blog.iberorentapartments.com\/wp-content\/uploads\/2017\/09\/EASO-CENTER-PARKING-ENG.jpg\" \/>\n<meta name=\"twitter:card\" content=\"summary_large_image\" \/>\n<script type=\"application\/ld+json\" class=\"yoast-schema-graph\">{\"@context\":\"https:\\\/\\\/schema.org\",\"@graph\":[{\"@type\":\"WebPage\",\"@id\":\"https:\\\/\\\/blog.iberorentapartments.com\\\/fr\\\/parking-easo-center\\\/\",\"url\":\"https:\\\/\\\/blog.iberorentapartments.com\\\/fr\\\/parking-easo-center\\\/\",\"name\":\"Parking inclus avec appartement Easo Center - Blog Iberorent Apartments San Sebasti\u00e1n\",\"isPartOf\":{\"@id\":\"https:\\\/\\\/blog.iberorentapartments.com\\\/en\\\/#website\"},\"primaryImageOfPage\":{\"@id\":\"https:\\\/\\\/blog.iberorentapartments.com\\\/fr\\\/parking-easo-center\\\/#primaryimage\"},\"image\":{\"@id\":\"https:\\\/\\\/blog.iberorentapartments.com\\\/fr\\\/parking-easo-center\\\/#primaryimage\"},\"thumbnailUrl\":\"http:\\\/\\\/blog.iberorentapartments.com\\\/wp-content\\\/uploads\\\/2017\\\/09\\\/EASO-CENTER-PARKING-ENG.jpg\",\"datePublished\":\"2017-09-21T15:43:15+00:00\",\"dateModified\":\"2017-09-25T08:58:48+00:00\",\"breadcrumb\":{\"@id\":\"https:\\\/\\\/blog.iberorentapartments.com\\\/fr\\\/parking-easo-center\\\/#breadcrumb\"},\"inLanguage\":\"fr-FR\",\"potentialAction\":[{\"@type\":\"ReadAction\",\"target\":[\"https:\\\/\\\/blog.iberorentapartments.com\\\/fr\\\/parking-easo-center\\\/\"]}]},{\"@type\":\"ImageObject\",\"inLanguage\":\"fr-FR\",\"@id\":\"https:\\\/\\\/blog.iberorentapartments.com\\\/fr\\\/parking-easo-center\\\/#primaryimage\",\"url\":\"http:\\\/\\\/blog.iberorentapartments.com\\\/wp-content\\\/uploads\\\/2017\\\/09\\\/EASO-CENTER-PARKING-ENG.jpg\",\"contentUrl\":\"http:\\\/\\\/blog.iberorentapartments.com\\\/wp-content\\\/uploads\\\/2017\\\/09\\\/EASO-CENTER-PARKING-ENG.jpg\"},{\"@type\":\"BreadcrumbList\",\"@id\":\"https:\\\/\\\/blog.iberorentapartments.com\\\/fr\\\/parking-easo-center\\\/#breadcrumb\",\"itemListElement\":[{\"@type\":\"ListItem\",\"position\":1,\"name\":\"Portada\",\"item\":\"https:\\\/\\\/blog.iberorentapartments.com\\\/en\\\/\"},{\"@type\":\"ListItem\",\"position\":2,\"name\":\"Parking inclus avec appartement Easo Center\"}]},{\"@type\":\"WebSite\",\"@id\":\"https:\\\/\\\/blog.iberorentapartments.com\\\/en\\\/#website\",\"url\":\"https:\\\/\\\/blog.iberorentapartments.com\\\/en\\\/\",\"name\":\"Blog Iberorent Apartments San Sebasti\u00e1n\",\"description\":\"Alquiler de apartamentos para estancias cortas.\",\"potentialAction\":[{\"@type\":\"SearchAction\",\"target\":{\"@type\":\"EntryPoint\",\"urlTemplate\":\"https:\\\/\\\/blog.iberorentapartments.com\\\/en\\\/?s={search_term_string}\"},\"query-input\":{\"@type\":\"PropertyValueSpecification\",\"valueRequired\":true,\"valueName\":\"search_term_string\"}}],\"inLanguage\":\"fr-FR\"}]}<\/script>\n<!-- \/ Yoast SEO plugin. -->","yoast_head_json":{"title":"Parking inclus avec appartement Easo Center - Blog Iberorent Apartments San Sebasti\u00e1n","robots":{"index":"index","follow":"follow","max-snippet":"max-snippet:-1","max-image-preview":"max-image-preview:large","max-video-preview":"max-video-preview:-1"},"canonical":"https:\/\/blog.iberorentapartments.com\/fr\/parking-easo-center\/","og_locale":"fr_FR","og_type":"article","og_title":"Parking inclus avec appartement Easo Center - Blog Iberorent Apartments San Sebasti\u00e1n","og_description":"LE STATIONNEMENT INCLUS EST SITU\u00c9 SUIVANT \u00c0 L&rsquo;ENTR\u00c9E DE L&rsquo;APPARTEMENT \u00c0 22 RUE URDANETA C&rsquo;EST UN STATIONNEMENT ROBOTIQUE ET A...","og_url":"https:\/\/blog.iberorentapartments.com\/fr\/parking-easo-center\/","og_site_name":"Blog Iberorent Apartments San Sebasti\u00e1n","article_modified_time":"2017-09-25T08:58:48+00:00","og_image":[{"url":"http:\/\/blog.iberorentapartments.com\/wp-content\/uploads\/2017\/09\/EASO-CENTER-PARKING-ENG.jpg","type":"","width":"","height":""}],"twitter_card":"summary_large_image","schema":{"@context":"https:\/\/schema.org","@graph":[{"@type":"WebPage","@id":"https:\/\/blog.iberorentapartments.com\/fr\/parking-easo-center\/","url":"https:\/\/blog.iberorentapartments.com\/fr\/parking-easo-center\/","name":"Parking inclus avec appartement Easo Center - Blog Iberorent Apartments San Sebasti\u00e1n","isPartOf":{"@id":"https:\/\/blog.iberorentapartments.com\/en\/#website"},"primaryImageOfPage":{"@id":"https:\/\/blog.iberorentapartments.com\/fr\/parking-easo-center\/#primaryimage"},"image":{"@id":"https:\/\/blog.iberorentapartments.com\/fr\/parking-easo-center\/#primaryimage"},"thumbnailUrl":"http:\/\/blog.iberorentapartments.com\/wp-content\/uploads\/2017\/09\/EASO-CENTER-PARKING-ENG.jpg","datePublished":"2017-09-21T15:43:15+00:00","dateModified":"2017-09-25T08:58:48+00:00","breadcrumb":{"@id":"https:\/\/blog.iberorentapartments.com\/fr\/parking-easo-center\/#breadcrumb"},"inLanguage":"fr-FR","potentialAction":[{"@type":"ReadAction","target":["https:\/\/blog.iberorentapartments.com\/fr\/parking-easo-center\/"]}]},{"@type":"ImageObject","inLanguage":"fr-FR","@id":"https:\/\/blog.iberorentapartments.com\/fr\/parking-easo-center\/#primaryimage","url":"http:\/\/blog.iberorentapartments.com\/wp-content\/uploads\/2017\/09\/EASO-CENTER-PARKING-ENG.jpg","contentUrl":"http:\/\/blog.iberorentapartments.com\/wp-content\/uploads\/2017\/09\/EASO-CENTER-PARKING-ENG.jpg"},{"@type":"BreadcrumbList","@id":"https:\/\/blog.iberorentapartments.com\/fr\/parking-easo-center\/#breadcrumb","itemListElement":[{"@type":"ListItem","position":1,"name":"Portada","item":"https:\/\/blog.iberorentapartments.com\/en\/"},{"@type":"ListItem","position":2,"name":"Parking inclus avec appartement Easo Center"}]},{"@type":"WebSite","@id":"https:\/\/blog.iberorentapartments.com\/en\/#website","url":"https:\/\/blog.iberorentapartments.com\/en\/","name":"Blog Iberorent Apartments San Sebasti\u00e1n","description":"Alquiler de apartamentos para estancias cortas.","potentialAction":[{"@type":"SearchAction","target":{"@type":"EntryPoint","urlTemplate":"https:\/\/blog.iberorentapartments.com\/en\/?s={search_term_string}"},"query-input":{"@type":"PropertyValueSpecification","valueRequired":true,"valueName":"search_term_string"}}],"inLanguage":"fr-FR"}]}},"_links":{"self":[{"href":"https:\/\/blog.iberorentapartments.com\/fr\/wp-json\/wp\/v2\/pages\/701","targetHints":{"allow":["GET"]}}],"collection":[{"href":"https:\/\/blog.iberorentapartments.com\/fr\/wp-json\/wp\/v2\/pages"}],"about":[{"href":"https:\/\/blog.iberorentapartments.com\/fr\/wp-json\/wp\/v2\/types\/page"}],"author":[{"embeddable":true,"href":"https:\/\/blog.iberorentapartments.com\/fr\/wp-json\/wp\/v2\/users\/2"}],"replies":[{"embeddable":true,"href":"https:\/\/blog.iberorentapartments.com\/fr\/wp-json\/wp\/v2\/comments?post=701"}],"version-history":[{"count":3,"href":"https:\/\/blog.iberorentapartments.com\/fr\/wp-json\/wp\/v2\/pages\/701\/revisions"}],"predecessor-version":[{"id":704,"href":"https:\/\/blog.iberorentapartments.com\/fr\/wp-json\/wp\/v2\/pages\/701\/revisions\/704"}],"wp:attachment":[{"href":"https:\/\/blog.iberorentapartments.com\/fr\/wp-json\/wp\/v2\/media?parent=701"}],"curies":[{"name":"wp","href":"https:\/\/api.w.org\/{rel}","templated":true}]}}