{"id":650,"date":"2017-09-20T09:54:44","date_gmt":"2017-09-20T09:54:44","guid":{"rendered":"http:\/\/blog.iberorentapartments.com\/parking-garaje-norte-triunfo-4\/"},"modified":"2025-05-08T10:05:02","modified_gmt":"2025-05-08T10:05:02","slug":"paris","status":"publish","type":"page","link":"https:\/\/blog.iberorentapartments.com\/fr\/paris\/","title":{"rendered":"Parking Garaje Norte et appartement dans a rue San Bartolome"},"content":{"rendered":"<p><a href=\"http:\/\/blog.iberorentapartments.com\/wp-content\/uploads\/2021\/04\/PARIS-PARKING.jpg\"><img fetchpriority=\"high\" decoding=\"async\" class=\"alignnone wp-image-1030 size-full\" src=\"http:\/\/blog.iberorentapartments.com\/wp-content\/uploads\/2021\/04\/PARIS-PARKING-e1618993697367.jpg\" alt=\"\" width=\"1862\" height=\"1080\" srcset=\"https:\/\/blog.iberorentapartments.com\/wp-content\/uploads\/2021\/04\/PARIS-PARKING-e1618993697367.jpg 1862w, https:\/\/blog.iberorentapartments.com\/wp-content\/uploads\/2021\/04\/PARIS-PARKING-e1618993697367-768x445.jpg 768w, https:\/\/blog.iberorentapartments.com\/wp-content\/uploads\/2021\/04\/PARIS-PARKING-e1618993697367-1536x891.jpg 1536w\" sizes=\"(max-width: 1862px) 100vw, 1862px\" \/><\/a><\/p>\n<ul>\n<li><strong>LE STATIONNEMENT GARAJE NORTE EST LE PLUS PROCHE DE L&rsquo;APPARTEMENT DANS LA \u00a0RUE\u00a0 SAN BARTOLOME<\/strong><\/li>\n<li><span style=\"color: #ff0000;\"><strong>IL EST CONSEILL\u00c9 DE LOUER PAR T\u00c9L\u00c9PHONE<\/strong><br \/>\n<\/span><\/li>\n<li><span style=\"color: #ff0000;\"><strong>LES HEURES SONT LIMIT\u00c9ES<\/strong><\/span><\/li>\n<\/ul>\n<p><strong>HORAIRES DU PARKING<\/strong><br \/>\nDu lundi au jeudi\u00a0: de 7\u00a0h \u00e0 minuit<br \/>\nVendredi et samedi\u00a0: de 7\u00a0h \u00e0 1\u00a0h<br \/>\nDimanches et jours f\u00e9ri\u00e9s: de 8\u00a0h \u00e0 14\u00a0h et de 16\u00a0h \u00e0 minuit<\/p>\n<p><strong>T\u00e9l\u00e9phone:<br \/>\n<\/strong>+34 943\u00a046 11 73<\/p>\n<p><strong>Addresse:<\/strong><br \/>\n22 Rue San Bartolome<br \/>\n20007 San Sebasti\u00e1n<\/p>\n<p><strong>Lien dans Google Maps:<\/strong><br \/>\n<a href=\"https:\/\/goo.gl\/maps\/uVyxi8Uh32z\" target=\"_blank\" rel=\"noopener noreferrer\">https:\/\/goo.gl\/maps\/uVyxi8Uh32z<\/a><\/p>\n<p><strong>Lien dans Google Street View:<br \/>\n<\/strong><a href=\"https:\/\/goo.gl\/f66SgS\" target=\"_blank\" rel=\"noopener noreferrer\">https:\/\/goo.gl\/f66SgS<\/a><\/p>\n<p><strong>Coordonn\u00e9es GPS:\u00a0<\/strong><br \/>\nLatitude: 43.3155979<br \/>\nLongitude: -1.98533369<\/p>\n<p><strong>Prix:<\/strong><br \/>\nNormal 25\u20ac\/jour<\/p>\n<div id=\"gtx-trans\" style=\"position: absolute; left: -20px; top: 912px;\">\n<div class=\"gtx-trans-icon\"><\/div>\n<\/div>\n","protected":false},"excerpt":{"rendered":"<p>LE STATIONNEMENT GARAJE NORTE EST LE PLUS PROCHE DE L&rsquo;APPARTEMENT DANS LA \u00a0RUE\u00a0 SAN BARTOLOME IL EST CONSEILL\u00c9 DE LOUER&#8230;<\/p>\n","protected":false},"author":2,"featured_media":0,"parent":0,"menu_order":0,"comment_status":"closed","ping_status":"closed","template":"","meta":{"footnotes":""},"class_list":["post-650","page","type-page","status-publish","hentry"],"yoast_head":"<!-- This site is optimized with the Yoast SEO plugin v27.5 - https:\/\/yoast.com\/product\/yoast-seo-wordpress\/ -->\n<title>Parking Garaje Norte et appartement dans a rue San Bartolome - Blog Iberorent Apartments San Sebasti\u00e1n<\/title>\n<meta name=\"robots\" content=\"index, follow, max-snippet:-1, max-image-preview:large, max-video-preview:-1\" \/>\n<link rel=\"canonical\" href=\"https:\/\/blog.iberorentapartments.com\/fr\/paris\/\" \/>\n<meta property=\"og:locale\" content=\"fr_FR\" \/>\n<meta property=\"og:type\" content=\"article\" \/>\n<meta property=\"og:title\" content=\"Parking Garaje Norte et appartement dans a rue San Bartolome - Blog Iberorent Apartments San Sebasti\u00e1n\" \/>\n<meta property=\"og:description\" content=\"LE STATIONNEMENT GARAJE NORTE EST LE PLUS PROCHE DE L&rsquo;APPARTEMENT DANS LA \u00a0RUE\u00a0 SAN BARTOLOME IL EST CONSEILL\u00c9 DE LOUER...\" \/>\n<meta property=\"og:url\" content=\"https:\/\/blog.iberorentapartments.com\/fr\/paris\/\" \/>\n<meta property=\"og:site_name\" content=\"Blog Iberorent Apartments San Sebasti\u00e1n\" \/>\n<meta property=\"article:modified_time\" content=\"2025-05-08T10:05:02+00:00\" \/>\n<meta property=\"og:image\" content=\"http:\/\/blog.iberorentapartments.com\/wp-content\/uploads\/2021\/04\/PARIS-PARKING-e1618993697367.jpg\" \/>\n<meta name=\"twitter:card\" content=\"summary_large_image\" \/>\n<script type=\"application\/ld+json\" class=\"yoast-schema-graph\">{\"@context\":\"https:\\\/\\\/schema.org\",\"@graph\":[{\"@type\":\"WebPage\",\"@id\":\"https:\\\/\\\/blog.iberorentapartments.com\\\/fr\\\/paris\\\/\",\"url\":\"https:\\\/\\\/blog.iberorentapartments.com\\\/fr\\\/paris\\\/\",\"name\":\"Parking Garaje Norte et appartement dans a rue San Bartolome - Blog Iberorent Apartments San Sebasti\u00e1n\",\"isPartOf\":{\"@id\":\"https:\\\/\\\/blog.iberorentapartments.com\\\/en\\\/#website\"},\"primaryImageOfPage\":{\"@id\":\"https:\\\/\\\/blog.iberorentapartments.com\\\/fr\\\/paris\\\/#primaryimage\"},\"image\":{\"@id\":\"https:\\\/\\\/blog.iberorentapartments.com\\\/fr\\\/paris\\\/#primaryimage\"},\"thumbnailUrl\":\"http:\\\/\\\/blog.iberorentapartments.com\\\/wp-content\\\/uploads\\\/2021\\\/04\\\/PARIS-PARKING-e1618993697367.jpg\",\"datePublished\":\"2017-09-20T09:54:44+00:00\",\"dateModified\":\"2025-05-08T10:05:02+00:00\",\"breadcrumb\":{\"@id\":\"https:\\\/\\\/blog.iberorentapartments.com\\\/fr\\\/paris\\\/#breadcrumb\"},\"inLanguage\":\"fr-FR\",\"potentialAction\":[{\"@type\":\"ReadAction\",\"target\":[\"https:\\\/\\\/blog.iberorentapartments.com\\\/fr\\\/paris\\\/\"]}]},{\"@type\":\"ImageObject\",\"inLanguage\":\"fr-FR\",\"@id\":\"https:\\\/\\\/blog.iberorentapartments.com\\\/fr\\\/paris\\\/#primaryimage\",\"url\":\"http:\\\/\\\/blog.iberorentapartments.com\\\/wp-content\\\/uploads\\\/2021\\\/04\\\/PARIS-PARKING-e1618993697367.jpg\",\"contentUrl\":\"http:\\\/\\\/blog.iberorentapartments.com\\\/wp-content\\\/uploads\\\/2021\\\/04\\\/PARIS-PARKING-e1618993697367.jpg\"},{\"@type\":\"BreadcrumbList\",\"@id\":\"https:\\\/\\\/blog.iberorentapartments.com\\\/fr\\\/paris\\\/#breadcrumb\",\"itemListElement\":[{\"@type\":\"ListItem\",\"position\":1,\"name\":\"Portada\",\"item\":\"https:\\\/\\\/blog.iberorentapartments.com\\\/en\\\/\"},{\"@type\":\"ListItem\",\"position\":2,\"name\":\"Parking Garaje Norte et appartement dans a rue San Bartolome\"}]},{\"@type\":\"WebSite\",\"@id\":\"https:\\\/\\\/blog.iberorentapartments.com\\\/en\\\/#website\",\"url\":\"https:\\\/\\\/blog.iberorentapartments.com\\\/en\\\/\",\"name\":\"Blog Iberorent Apartments San Sebasti\u00e1n\",\"description\":\"Alquiler de apartamentos para estancias cortas.\",\"potentialAction\":[{\"@type\":\"SearchAction\",\"target\":{\"@type\":\"EntryPoint\",\"urlTemplate\":\"https:\\\/\\\/blog.iberorentapartments.com\\\/en\\\/?s={search_term_string}\"},\"query-input\":{\"@type\":\"PropertyValueSpecification\",\"valueRequired\":true,\"valueName\":\"search_term_string\"}}],\"inLanguage\":\"fr-FR\"}]}<\/script>\n<!-- \/ Yoast SEO plugin. -->","yoast_head_json":{"title":"Parking Garaje Norte et appartement dans a rue San Bartolome - Blog Iberorent Apartments San Sebasti\u00e1n","robots":{"index":"index","follow":"follow","max-snippet":"max-snippet:-1","max-image-preview":"max-image-preview:large","max-video-preview":"max-video-preview:-1"},"canonical":"https:\/\/blog.iberorentapartments.com\/fr\/paris\/","og_locale":"fr_FR","og_type":"article","og_title":"Parking Garaje Norte et appartement dans a rue San Bartolome - Blog Iberorent Apartments San Sebasti\u00e1n","og_description":"LE STATIONNEMENT GARAJE NORTE EST LE PLUS PROCHE DE L&rsquo;APPARTEMENT DANS LA \u00a0RUE\u00a0 SAN BARTOLOME IL EST CONSEILL\u00c9 DE LOUER...","og_url":"https:\/\/blog.iberorentapartments.com\/fr\/paris\/","og_site_name":"Blog Iberorent Apartments San Sebasti\u00e1n","article_modified_time":"2025-05-08T10:05:02+00:00","og_image":[{"url":"http:\/\/blog.iberorentapartments.com\/wp-content\/uploads\/2021\/04\/PARIS-PARKING-e1618993697367.jpg","type":"","width":"","height":""}],"twitter_card":"summary_large_image","schema":{"@context":"https:\/\/schema.org","@graph":[{"@type":"WebPage","@id":"https:\/\/blog.iberorentapartments.com\/fr\/paris\/","url":"https:\/\/blog.iberorentapartments.com\/fr\/paris\/","name":"Parking Garaje Norte et appartement dans a rue San Bartolome - Blog Iberorent Apartments San Sebasti\u00e1n","isPartOf":{"@id":"https:\/\/blog.iberorentapartments.com\/en\/#website"},"primaryImageOfPage":{"@id":"https:\/\/blog.iberorentapartments.com\/fr\/paris\/#primaryimage"},"image":{"@id":"https:\/\/blog.iberorentapartments.com\/fr\/paris\/#primaryimage"},"thumbnailUrl":"http:\/\/blog.iberorentapartments.com\/wp-content\/uploads\/2021\/04\/PARIS-PARKING-e1618993697367.jpg","datePublished":"2017-09-20T09:54:44+00:00","dateModified":"2025-05-08T10:05:02+00:00","breadcrumb":{"@id":"https:\/\/blog.iberorentapartments.com\/fr\/paris\/#breadcrumb"},"inLanguage":"fr-FR","potentialAction":[{"@type":"ReadAction","target":["https:\/\/blog.iberorentapartments.com\/fr\/paris\/"]}]},{"@type":"ImageObject","inLanguage":"fr-FR","@id":"https:\/\/blog.iberorentapartments.com\/fr\/paris\/#primaryimage","url":"http:\/\/blog.iberorentapartments.com\/wp-content\/uploads\/2021\/04\/PARIS-PARKING-e1618993697367.jpg","contentUrl":"http:\/\/blog.iberorentapartments.com\/wp-content\/uploads\/2021\/04\/PARIS-PARKING-e1618993697367.jpg"},{"@type":"BreadcrumbList","@id":"https:\/\/blog.iberorentapartments.com\/fr\/paris\/#breadcrumb","itemListElement":[{"@type":"ListItem","position":1,"name":"Portada","item":"https:\/\/blog.iberorentapartments.com\/en\/"},{"@type":"ListItem","position":2,"name":"Parking Garaje Norte et appartement dans a rue San Bartolome"}]},{"@type":"WebSite","@id":"https:\/\/blog.iberorentapartments.com\/en\/#website","url":"https:\/\/blog.iberorentapartments.com\/en\/","name":"Blog Iberorent Apartments San Sebasti\u00e1n","description":"Alquiler de apartamentos para estancias cortas.","potentialAction":[{"@type":"SearchAction","target":{"@type":"EntryPoint","urlTemplate":"https:\/\/blog.iberorentapartments.com\/en\/?s={search_term_string}"},"query-input":{"@type":"PropertyValueSpecification","valueRequired":true,"valueName":"search_term_string"}}],"inLanguage":"fr-FR"}]}},"_links":{"self":[{"href":"https:\/\/blog.iberorentapartments.com\/fr\/wp-json\/wp\/v2\/pages\/650","targetHints":{"allow":["GET"]}}],"collection":[{"href":"https:\/\/blog.iberorentapartments.com\/fr\/wp-json\/wp\/v2\/pages"}],"about":[{"href":"https:\/\/blog.iberorentapartments.com\/fr\/wp-json\/wp\/v2\/types\/page"}],"author":[{"embeddable":true,"href":"https:\/\/blog.iberorentapartments.com\/fr\/wp-json\/wp\/v2\/users\/2"}],"replies":[{"embeddable":true,"href":"https:\/\/blog.iberorentapartments.com\/fr\/wp-json\/wp\/v2\/comments?post=650"}],"version-history":[{"count":10,"href":"https:\/\/blog.iberorentapartments.com\/fr\/wp-json\/wp\/v2\/pages\/650\/revisions"}],"predecessor-version":[{"id":1503,"href":"https:\/\/blog.iberorentapartments.com\/fr\/wp-json\/wp\/v2\/pages\/650\/revisions\/1503"}],"wp:attachment":[{"href":"https:\/\/blog.iberorentapartments.com\/fr\/wp-json\/wp\/v2\/media?parent=650"}],"curies":[{"name":"wp","href":"https:\/\/api.w.org\/{rel}","templated":true}]}}