{"id":239,"date":"2017-08-22T15:36:44","date_gmt":"2017-08-22T15:36:44","guid":{"rendered":"http:\/\/blog.iberorentapartments.com\/?page_id=239\/"},"modified":"2024-04-19T08:44:48","modified_gmt":"2024-04-19T08:44:48","slug":"fermin","status":"publish","type":"page","link":"https:\/\/blog.iberorentapartments.com\/fr\/fermin\/","title":{"rendered":"Parking Boulevard et Fermin Suite Appartement"},"content":{"rendered":"<p><a href=\"http:\/\/blog.iberorentapartments.com\/wp-content\/uploads\/2020\/01\/FERMIN-SUITE-PARKING-ENG.jpg\"><img fetchpriority=\"high\" decoding=\"async\" class=\"alignnone wp-image-993 size-full\" src=\"http:\/\/blog.iberorentapartments.com\/wp-content\/uploads\/2020\/01\/FERMIN-SUITE-PARKING-ENG.jpg\" alt=\"\" width=\"1920\" height=\"1080\" srcset=\"https:\/\/blog.iberorentapartments.com\/wp-content\/uploads\/2020\/01\/FERMIN-SUITE-PARKING-ENG.jpg 1920w, https:\/\/blog.iberorentapartments.com\/wp-content\/uploads\/2020\/01\/FERMIN-SUITE-PARKING-ENG-768x432.jpg 768w, https:\/\/blog.iberorentapartments.com\/wp-content\/uploads\/2020\/01\/FERMIN-SUITE-PARKING-ENG-1536x864.jpg 1536w\" sizes=\"(max-width: 1920px) 100vw, 1920px\" \/><\/a><\/p>\n<ul>\n<li><strong>LE STATIONNEMENT BOULEVARD EST LE PLUS PR\u00c8S DE L&rsquo;APPARTEMENT FERMIN SUITE (200m)<\/strong><\/li>\n<li><span style=\"color: #ff0000;\"><strong>L&rsquo;APPARTEMENT EST SITU\u00c9 DANS LA VIEILLE VILLE ET LES VOITURES NE SONT PAS AUTORIS\u00c9ES<\/strong><\/span><\/li>\n<\/ul>\n<p><strong>Adress:<\/strong><br \/>\n1 rue Boulevard<br \/>\n20003 San Sebastian<\/p>\n<p><strong>Online bookings:<\/strong><br \/>\n<a href=\"https:\/\/www.empark.com\/\">https:\/\/www.empark.com\/<\/a><\/p>\n<p><strong>Lien vers Google Maps:<\/strong><br \/>\n<a href=\"https:\/\/goo.gl\/maps\/Hi8BVbpTbKk\" target=\"_blank\" rel=\"noopener noreferrer\">https:\/\/goo.gl\/maps\/Hi8BVbpTbKk<\/a><\/p>\n<p><strong>Lien vers Google Street View:<br \/>\n<\/strong><a href=\"https:\/\/goo.gl\/UAkJD5\" target=\"_blank\" rel=\"noopener noreferrer\">https:\/\/goo.gl\/UAkJD5<\/a><\/p>\n<p><strong>Coordonn\u00e9es GPS:\u00a0<\/strong><br \/>\nLatitude: 43.323108<br \/>\nLongitude: -1.981119<\/p>\n<p><strong>Prix approximatif:<\/strong><br \/>\n25\u20ac\/jour<\/p>\n<p><strong>Information compl\u00e9mentaire:<\/strong><br \/>\nHauteur maximale 220 cm<br \/>\nAucune r\u00e9servation n&rsquo;est permise<\/p>\n<p><strong>Vue a\u00e9rienne de l&rsquo;entr\u00e9e:<\/strong><\/p>\n<p><a href=\"http:\/\/blog.iberorentapartments.com\/wp-content\/uploads\/2017\/08\/PARKING-BOULEVARD_AEREO_2-1.jpg\"><img decoding=\"async\" class=\"alignnone wp-image-207 size-large\" src=\"http:\/\/blog.iberorentapartments.com\/wp-content\/uploads\/2017\/08\/PARKING-BOULEVARD_AEREO_2-1-1500x630.jpg\" alt=\"\" width=\"751\" height=\"315\" \/><\/a> <a href=\"http:\/\/blog.iberorentapartments.com\/wp-content\/uploads\/2017\/08\/PARKING-BOULEVARD_AEREO_1.jpg\"><img decoding=\"async\" class=\"alignnone wp-image-205 size-large\" src=\"http:\/\/blog.iberorentapartments.com\/wp-content\/uploads\/2017\/08\/PARKING-BOULEVARD_AEREO_1-1500x630.jpg\" alt=\"\" width=\"751\" height=\"315\" \/><\/a><\/p>\n<p><strong>Online booking:\u00a0<\/strong><br \/>\n<a href=\"https:\/\/www.telpark.com\/en\/cities\/donostia-san-sebastian\/boulevard-car-park\/\">https:\/\/www.telpark.com\/en\/cities\/donostia-san-sebastian\/boulevard-car-park\/<\/a><\/p>\n<div id=\"gtx-trans\" style=\"position: absolute; left: 380px; top: 2107.5px;\">\n<div class=\"gtx-trans-icon\"><\/div>\n<\/div>\n","protected":false},"excerpt":{"rendered":"<p>LE STATIONNEMENT BOULEVARD EST LE PLUS PR\u00c8S DE L&rsquo;APPARTEMENT FERMIN SUITE (200m) L&rsquo;APPARTEMENT EST SITU\u00c9 DANS LA VIEILLE VILLE ET&#8230;<\/p>\n","protected":false},"author":2,"featured_media":0,"parent":0,"menu_order":0,"comment_status":"closed","ping_status":"closed","template":"","meta":{"footnotes":""},"class_list":["post-239","page","type-page","status-publish","hentry"],"yoast_head":"<!-- This site is optimized with the Yoast SEO plugin v27.5 - https:\/\/yoast.com\/product\/yoast-seo-wordpress\/ -->\n<title>Parking Boulevard et Fermin Suite Appartement - Blog Iberorent Apartments San Sebasti\u00e1n<\/title>\n<meta name=\"robots\" content=\"index, follow, max-snippet:-1, max-image-preview:large, max-video-preview:-1\" \/>\n<link rel=\"canonical\" href=\"https:\/\/blog.iberorentapartments.com\/fr\/fermin\/\" \/>\n<meta property=\"og:locale\" content=\"fr_FR\" \/>\n<meta property=\"og:type\" content=\"article\" \/>\n<meta property=\"og:title\" content=\"Parking Boulevard et Fermin Suite Appartement - Blog Iberorent Apartments San Sebasti\u00e1n\" \/>\n<meta property=\"og:description\" content=\"LE STATIONNEMENT BOULEVARD EST LE PLUS PR\u00c8S DE L&rsquo;APPARTEMENT FERMIN SUITE (200m) L&rsquo;APPARTEMENT EST SITU\u00c9 DANS LA VIEILLE VILLE ET...\" \/>\n<meta property=\"og:url\" content=\"https:\/\/blog.iberorentapartments.com\/fr\/fermin\/\" \/>\n<meta property=\"og:site_name\" content=\"Blog Iberorent Apartments San Sebasti\u00e1n\" \/>\n<meta property=\"article:modified_time\" content=\"2024-04-19T08:44:48+00:00\" \/>\n<meta property=\"og:image\" content=\"http:\/\/blog.iberorentapartments.com\/wp-content\/uploads\/2020\/01\/FERMIN-SUITE-PARKING-ENG.jpg\" \/>\n<meta name=\"twitter:card\" content=\"summary_large_image\" \/>\n<script type=\"application\/ld+json\" class=\"yoast-schema-graph\">{\"@context\":\"https:\\\/\\\/schema.org\",\"@graph\":[{\"@type\":\"WebPage\",\"@id\":\"https:\\\/\\\/blog.iberorentapartments.com\\\/fr\\\/fermin\\\/\",\"url\":\"https:\\\/\\\/blog.iberorentapartments.com\\\/fr\\\/fermin\\\/\",\"name\":\"Parking Boulevard et Fermin Suite Appartement - Blog Iberorent Apartments San Sebasti\u00e1n\",\"isPartOf\":{\"@id\":\"https:\\\/\\\/blog.iberorentapartments.com\\\/en\\\/#website\"},\"primaryImageOfPage\":{\"@id\":\"https:\\\/\\\/blog.iberorentapartments.com\\\/fr\\\/fermin\\\/#primaryimage\"},\"image\":{\"@id\":\"https:\\\/\\\/blog.iberorentapartments.com\\\/fr\\\/fermin\\\/#primaryimage\"},\"thumbnailUrl\":\"http:\\\/\\\/blog.iberorentapartments.com\\\/wp-content\\\/uploads\\\/2020\\\/01\\\/FERMIN-SUITE-PARKING-ENG.jpg\",\"datePublished\":\"2017-08-22T15:36:44+00:00\",\"dateModified\":\"2024-04-19T08:44:48+00:00\",\"breadcrumb\":{\"@id\":\"https:\\\/\\\/blog.iberorentapartments.com\\\/fr\\\/fermin\\\/#breadcrumb\"},\"inLanguage\":\"fr-FR\",\"potentialAction\":[{\"@type\":\"ReadAction\",\"target\":[\"https:\\\/\\\/blog.iberorentapartments.com\\\/fr\\\/fermin\\\/\"]}]},{\"@type\":\"ImageObject\",\"inLanguage\":\"fr-FR\",\"@id\":\"https:\\\/\\\/blog.iberorentapartments.com\\\/fr\\\/fermin\\\/#primaryimage\",\"url\":\"http:\\\/\\\/blog.iberorentapartments.com\\\/wp-content\\\/uploads\\\/2020\\\/01\\\/FERMIN-SUITE-PARKING-ENG.jpg\",\"contentUrl\":\"http:\\\/\\\/blog.iberorentapartments.com\\\/wp-content\\\/uploads\\\/2020\\\/01\\\/FERMIN-SUITE-PARKING-ENG.jpg\"},{\"@type\":\"BreadcrumbList\",\"@id\":\"https:\\\/\\\/blog.iberorentapartments.com\\\/fr\\\/fermin\\\/#breadcrumb\",\"itemListElement\":[{\"@type\":\"ListItem\",\"position\":1,\"name\":\"Portada\",\"item\":\"https:\\\/\\\/blog.iberorentapartments.com\\\/en\\\/\"},{\"@type\":\"ListItem\",\"position\":2,\"name\":\"Parking Boulevard et Fermin Suite Appartement\"}]},{\"@type\":\"WebSite\",\"@id\":\"https:\\\/\\\/blog.iberorentapartments.com\\\/en\\\/#website\",\"url\":\"https:\\\/\\\/blog.iberorentapartments.com\\\/en\\\/\",\"name\":\"Blog Iberorent Apartments San Sebasti\u00e1n\",\"description\":\"Alquiler de apartamentos para estancias cortas.\",\"potentialAction\":[{\"@type\":\"SearchAction\",\"target\":{\"@type\":\"EntryPoint\",\"urlTemplate\":\"https:\\\/\\\/blog.iberorentapartments.com\\\/en\\\/?s={search_term_string}\"},\"query-input\":{\"@type\":\"PropertyValueSpecification\",\"valueRequired\":true,\"valueName\":\"search_term_string\"}}],\"inLanguage\":\"fr-FR\"}]}<\/script>\n<!-- \/ Yoast SEO plugin. -->","yoast_head_json":{"title":"Parking Boulevard et Fermin Suite Appartement - Blog Iberorent Apartments San Sebasti\u00e1n","robots":{"index":"index","follow":"follow","max-snippet":"max-snippet:-1","max-image-preview":"max-image-preview:large","max-video-preview":"max-video-preview:-1"},"canonical":"https:\/\/blog.iberorentapartments.com\/fr\/fermin\/","og_locale":"fr_FR","og_type":"article","og_title":"Parking Boulevard et Fermin Suite Appartement - Blog Iberorent Apartments San Sebasti\u00e1n","og_description":"LE STATIONNEMENT BOULEVARD EST LE PLUS PR\u00c8S DE L&rsquo;APPARTEMENT FERMIN SUITE (200m) L&rsquo;APPARTEMENT EST SITU\u00c9 DANS LA VIEILLE VILLE ET...","og_url":"https:\/\/blog.iberorentapartments.com\/fr\/fermin\/","og_site_name":"Blog Iberorent Apartments San Sebasti\u00e1n","article_modified_time":"2024-04-19T08:44:48+00:00","og_image":[{"url":"http:\/\/blog.iberorentapartments.com\/wp-content\/uploads\/2020\/01\/FERMIN-SUITE-PARKING-ENG.jpg","type":"","width":"","height":""}],"twitter_card":"summary_large_image","schema":{"@context":"https:\/\/schema.org","@graph":[{"@type":"WebPage","@id":"https:\/\/blog.iberorentapartments.com\/fr\/fermin\/","url":"https:\/\/blog.iberorentapartments.com\/fr\/fermin\/","name":"Parking Boulevard et Fermin Suite Appartement - Blog Iberorent Apartments San Sebasti\u00e1n","isPartOf":{"@id":"https:\/\/blog.iberorentapartments.com\/en\/#website"},"primaryImageOfPage":{"@id":"https:\/\/blog.iberorentapartments.com\/fr\/fermin\/#primaryimage"},"image":{"@id":"https:\/\/blog.iberorentapartments.com\/fr\/fermin\/#primaryimage"},"thumbnailUrl":"http:\/\/blog.iberorentapartments.com\/wp-content\/uploads\/2020\/01\/FERMIN-SUITE-PARKING-ENG.jpg","datePublished":"2017-08-22T15:36:44+00:00","dateModified":"2024-04-19T08:44:48+00:00","breadcrumb":{"@id":"https:\/\/blog.iberorentapartments.com\/fr\/fermin\/#breadcrumb"},"inLanguage":"fr-FR","potentialAction":[{"@type":"ReadAction","target":["https:\/\/blog.iberorentapartments.com\/fr\/fermin\/"]}]},{"@type":"ImageObject","inLanguage":"fr-FR","@id":"https:\/\/blog.iberorentapartments.com\/fr\/fermin\/#primaryimage","url":"http:\/\/blog.iberorentapartments.com\/wp-content\/uploads\/2020\/01\/FERMIN-SUITE-PARKING-ENG.jpg","contentUrl":"http:\/\/blog.iberorentapartments.com\/wp-content\/uploads\/2020\/01\/FERMIN-SUITE-PARKING-ENG.jpg"},{"@type":"BreadcrumbList","@id":"https:\/\/blog.iberorentapartments.com\/fr\/fermin\/#breadcrumb","itemListElement":[{"@type":"ListItem","position":1,"name":"Portada","item":"https:\/\/blog.iberorentapartments.com\/en\/"},{"@type":"ListItem","position":2,"name":"Parking Boulevard et Fermin Suite Appartement"}]},{"@type":"WebSite","@id":"https:\/\/blog.iberorentapartments.com\/en\/#website","url":"https:\/\/blog.iberorentapartments.com\/en\/","name":"Blog Iberorent Apartments San Sebasti\u00e1n","description":"Alquiler de apartamentos para estancias cortas.","potentialAction":[{"@type":"SearchAction","target":{"@type":"EntryPoint","urlTemplate":"https:\/\/blog.iberorentapartments.com\/en\/?s={search_term_string}"},"query-input":{"@type":"PropertyValueSpecification","valueRequired":true,"valueName":"search_term_string"}}],"inLanguage":"fr-FR"}]}},"_links":{"self":[{"href":"https:\/\/blog.iberorentapartments.com\/fr\/wp-json\/wp\/v2\/pages\/239","targetHints":{"allow":["GET"]}}],"collection":[{"href":"https:\/\/blog.iberorentapartments.com\/fr\/wp-json\/wp\/v2\/pages"}],"about":[{"href":"https:\/\/blog.iberorentapartments.com\/fr\/wp-json\/wp\/v2\/types\/page"}],"author":[{"embeddable":true,"href":"https:\/\/blog.iberorentapartments.com\/fr\/wp-json\/wp\/v2\/users\/2"}],"replies":[{"embeddable":true,"href":"https:\/\/blog.iberorentapartments.com\/fr\/wp-json\/wp\/v2\/comments?post=239"}],"version-history":[{"count":19,"href":"https:\/\/blog.iberorentapartments.com\/fr\/wp-json\/wp\/v2\/pages\/239\/revisions"}],"predecessor-version":[{"id":1408,"href":"https:\/\/blog.iberorentapartments.com\/fr\/wp-json\/wp\/v2\/pages\/239\/revisions\/1408"}],"wp:attachment":[{"href":"https:\/\/blog.iberorentapartments.com\/fr\/wp-json\/wp\/v2\/media?parent=239"}],"curies":[{"name":"wp","href":"https:\/\/api.w.org\/{rel}","templated":true}]}}