{"id":1395,"date":"2024-03-02T12:48:36","date_gmt":"2024-03-02T12:48:36","guid":{"rendered":"https:\/\/blog.iberorentapartments.com\/?page_id=1395"},"modified":"2024-04-19T09:00:55","modified_gmt":"2024-04-19T09:00:55","slug":"parking-plaza-cataluna-et-parking-txofre","status":"publish","type":"page","link":"https:\/\/blog.iberorentapartments.com\/fr\/parking-plaza-cataluna-et-parking-txofre\/","title":{"rendered":"Parking Plaza Catalu\u00f1a et Parking Txofre"},"content":{"rendered":"<p>LE STATIONNEMENTS PLAZA CATALU\u00d1A ET TXOFRE\u00a0 SONT LES PLUS PROCHES DE L&rsquo;APPARTEMENT.<\/p>\n<h1>PARKING PLAZA CATALU\u00d1A<\/h1>\n<p><strong>Adresse:<\/strong><br \/>\nPlaza de Catalu\u00f1a<br \/>\n20001 San Sebasti\u00e1n<\/p>\n<p><strong>Lien vers Google Maps:<\/strong><br \/>\n<a href=\"https:\/\/goo.gl\/maps\/HtMWasWsFpB2\" target=\"_blank\" rel=\"noopener noreferrer\">https:\/\/goo.gl\/maps\/HtMWasWsFpB2<\/a><\/p>\n<p><strong>Lien vers Google Street View:<br \/>\n<\/strong><a href=\"https:\/\/goo.gl\/jzfVde\" target=\"_blank\" rel=\"noopener noreferrer\">https:\/\/goo.gl\/jzfVde<\/a><\/p>\n<p><strong>Coordonn\u00e9es GPS :\u00a0<\/strong><br \/>\nLatitude: 43.323669<br \/>\nLongitude: -1.975362<\/p>\n<p><strong>Prix:<\/strong><br \/>\n25\u20ac\/jour<\/p>\n<p><strong>ONLINE BOOKINGS:<\/strong><br \/>\n<a href=\"https:\/\/www.telpark.com\/en\/cities\/donostia-san-sebastian\/plaza-cataluna-car-park\/\"><strong>https:\/\/www.telpark.com\/en\/cities\/donostia-san-sebastian\/plaza-cataluna-car-park\/<\/strong><\/a><\/p>\n<p><strong>Information compl\u00e9mentaire:<\/strong><strong><br \/>\n<\/strong>Hauteur maximale 220 cm<br \/>\nT\u00e9l\u00e9phone +34 943 32 32 33<\/p>\n<p><strong>Nombre de places disponibles en direct:<br \/>\n<\/strong>(Parking Plaza Catalu\u00f1a dans la colonne de gauche)<br \/>\n<a href=\"http:\/\/movilidad.dinypark.com\/donostia\/\">http:\/\/movilidad.dinypark.com\/donostia\/\u00a0<\/a><\/p>\n<h1>PARKING TXOFRE<\/h1>\n<ul>\n<li><strong><span style=\"color: #ff0000;\">POUR OBTENIR UN MEILLEUR PRIX, IL EST RECOMMAND\u00c9 DE R\u00c9SERVER\u00a0EN LIGNE.<\/span><\/strong><br \/>\n<strong><span style=\"color: #ff0000;\">VOUS POUVEZ EGALEMENT ACHETER UN BON PR\u00c9PAY\u00c9\u00a0 DANS LA CABINE D&rsquo;INFORMATION.<\/span><\/strong><br \/>\n<span style=\"color: #ff0000;\">(Il y a une sonnette dans la cabine pour avertir le personnel)<\/span><\/li>\n<\/ul>\n<p><strong>Adresse:<\/strong><br \/>\n1 rue Bermingham<br \/>\n20001 San Sebastian<\/p>\n<p><strong>R\u00e9servations en ligne:<\/strong><br \/>\n<a href=\"http:\/\/www.parkingtxofre.es\/fr\" target=\"_blank\" rel=\"noopener noreferrer\">www.parkingtxofre.es\/fr<\/a><\/p>\n<p><strong>Lien vers Google Maps:<\/strong><br \/>\n<a href=\"https:\/\/goo.gl\/maps\/Mk8BQG5MD552\" target=\"_blank\" rel=\"noopener noreferrer\">https:\/\/goo.gl\/maps\/Mk8BQG5MD552<\/a><\/p>\n<p><strong>Lien vers Google Street View:<br \/>\n<\/strong><a href=\"https:\/\/goo.gl\/1ow8BV\" target=\"_blank\" rel=\"noopener noreferrer\">https:\/\/goo.gl\/1ow8BV<\/a><\/p>\n<p><strong>Coordonn\u00e9es GPS :\u00a0<\/strong><br \/>\nLatitude: 43.323755<br \/>\nLongitude: -1.971471999<\/p>\n<p><strong>Prix :<\/strong><br \/>\nNormal: 25\u20ac\/jour<br \/>\nPr\u00e9pay\u00e9: 20-16\u20ac\/jour \u00a0(selon le nombre de jours)<\/p>\n<p><strong>Services gratuites:<br \/>\n<\/strong>Pr\u00eat de v\u00e9lo (selon disponibilit\u00e9)<br \/>\nPr\u00eat de parapluies<br \/>\nGonflage pneus<br \/>\nDemarrage service<\/p>\n<p><strong>Information compl\u00e9mentaire:<\/strong><strong><br \/>\n<\/strong>Hauteur maximale 195 cm<br \/>\nT\u00e9l\u00e9phone +34 943 27 62 12<\/p>\n","protected":false},"excerpt":{"rendered":"<p>LE STATIONNEMENTS PLAZA CATALU\u00d1A ET TXOFRE\u00a0 SONT LES PLUS PROCHES DE L&rsquo;APPARTEMENT. PARKING PLAZA CATALU\u00d1A Adresse: Plaza de Catalu\u00f1a 20001&#8230;<\/p>\n","protected":false},"author":2,"featured_media":0,"parent":0,"menu_order":0,"comment_status":"closed","ping_status":"closed","template":"","meta":{"footnotes":""},"class_list":["post-1395","page","type-page","status-publish","hentry"],"yoast_head":"<!-- This site is optimized with the Yoast SEO plugin v27.4 - https:\/\/yoast.com\/product\/yoast-seo-wordpress\/ -->\n<title>Parking Plaza Catalu\u00f1a et Parking Txofre - Blog Iberorent Apartments San Sebasti\u00e1n<\/title>\n<meta name=\"robots\" content=\"index, follow, max-snippet:-1, max-image-preview:large, max-video-preview:-1\" \/>\n<link rel=\"canonical\" href=\"https:\/\/blog.iberorentapartments.com\/fr\/parking-plaza-cataluna-et-parking-txofre\/\" \/>\n<meta property=\"og:locale\" content=\"fr_FR\" \/>\n<meta property=\"og:type\" content=\"article\" \/>\n<meta property=\"og:title\" content=\"Parking Plaza Catalu\u00f1a et Parking Txofre - Blog Iberorent Apartments San Sebasti\u00e1n\" \/>\n<meta property=\"og:description\" content=\"LE STATIONNEMENTS PLAZA CATALU\u00d1A ET TXOFRE\u00a0 SONT LES PLUS PROCHES DE L&rsquo;APPARTEMENT. PARKING PLAZA CATALU\u00d1A Adresse: Plaza de Catalu\u00f1a 20001...\" \/>\n<meta property=\"og:url\" content=\"https:\/\/blog.iberorentapartments.com\/fr\/parking-plaza-cataluna-et-parking-txofre\/\" \/>\n<meta property=\"og:site_name\" content=\"Blog Iberorent Apartments San Sebasti\u00e1n\" \/>\n<meta property=\"article:modified_time\" content=\"2024-04-19T09:00:55+00:00\" \/>\n<meta name=\"twitter:card\" content=\"summary_large_image\" \/>\n<meta name=\"twitter:label1\" content=\"Dur\u00e9e de lecture estim\u00e9e\" \/>\n\t<meta name=\"twitter:data1\" content=\"1 minute\" \/>\n<script type=\"application\/ld+json\" class=\"yoast-schema-graph\">{\"@context\":\"https:\\\/\\\/schema.org\",\"@graph\":[{\"@type\":\"WebPage\",\"@id\":\"https:\\\/\\\/blog.iberorentapartments.com\\\/fr\\\/parking-plaza-cataluna-et-parking-txofre\\\/\",\"url\":\"https:\\\/\\\/blog.iberorentapartments.com\\\/fr\\\/parking-plaza-cataluna-et-parking-txofre\\\/\",\"name\":\"Parking Plaza Catalu\u00f1a et Parking Txofre - Blog Iberorent Apartments San Sebasti\u00e1n\",\"isPartOf\":{\"@id\":\"https:\\\/\\\/blog.iberorentapartments.com\\\/en\\\/#website\"},\"datePublished\":\"2024-03-02T12:48:36+00:00\",\"dateModified\":\"2024-04-19T09:00:55+00:00\",\"breadcrumb\":{\"@id\":\"https:\\\/\\\/blog.iberorentapartments.com\\\/fr\\\/parking-plaza-cataluna-et-parking-txofre\\\/#breadcrumb\"},\"inLanguage\":\"fr-FR\",\"potentialAction\":[{\"@type\":\"ReadAction\",\"target\":[\"https:\\\/\\\/blog.iberorentapartments.com\\\/fr\\\/parking-plaza-cataluna-et-parking-txofre\\\/\"]}]},{\"@type\":\"BreadcrumbList\",\"@id\":\"https:\\\/\\\/blog.iberorentapartments.com\\\/fr\\\/parking-plaza-cataluna-et-parking-txofre\\\/#breadcrumb\",\"itemListElement\":[{\"@type\":\"ListItem\",\"position\":1,\"name\":\"Portada\",\"item\":\"https:\\\/\\\/blog.iberorentapartments.com\\\/en\\\/\"},{\"@type\":\"ListItem\",\"position\":2,\"name\":\"Parking Plaza Catalu\u00f1a et Parking Txofre\"}]},{\"@type\":\"WebSite\",\"@id\":\"https:\\\/\\\/blog.iberorentapartments.com\\\/en\\\/#website\",\"url\":\"https:\\\/\\\/blog.iberorentapartments.com\\\/en\\\/\",\"name\":\"Blog Iberorent Apartments San Sebasti\u00e1n\",\"description\":\"Alquiler de apartamentos para estancias cortas.\",\"potentialAction\":[{\"@type\":\"SearchAction\",\"target\":{\"@type\":\"EntryPoint\",\"urlTemplate\":\"https:\\\/\\\/blog.iberorentapartments.com\\\/en\\\/?s={search_term_string}\"},\"query-input\":{\"@type\":\"PropertyValueSpecification\",\"valueRequired\":true,\"valueName\":\"search_term_string\"}}],\"inLanguage\":\"fr-FR\"}]}<\/script>\n<!-- \/ Yoast SEO plugin. -->","yoast_head_json":{"title":"Parking Plaza Catalu\u00f1a et Parking Txofre - Blog Iberorent Apartments San Sebasti\u00e1n","robots":{"index":"index","follow":"follow","max-snippet":"max-snippet:-1","max-image-preview":"max-image-preview:large","max-video-preview":"max-video-preview:-1"},"canonical":"https:\/\/blog.iberorentapartments.com\/fr\/parking-plaza-cataluna-et-parking-txofre\/","og_locale":"fr_FR","og_type":"article","og_title":"Parking Plaza Catalu\u00f1a et Parking Txofre - Blog Iberorent Apartments San Sebasti\u00e1n","og_description":"LE STATIONNEMENTS PLAZA CATALU\u00d1A ET TXOFRE\u00a0 SONT LES PLUS PROCHES DE L&rsquo;APPARTEMENT. PARKING PLAZA CATALU\u00d1A Adresse: Plaza de Catalu\u00f1a 20001...","og_url":"https:\/\/blog.iberorentapartments.com\/fr\/parking-plaza-cataluna-et-parking-txofre\/","og_site_name":"Blog Iberorent Apartments San Sebasti\u00e1n","article_modified_time":"2024-04-19T09:00:55+00:00","twitter_card":"summary_large_image","twitter_misc":{"Dur\u00e9e de lecture estim\u00e9e":"1 minute"},"schema":{"@context":"https:\/\/schema.org","@graph":[{"@type":"WebPage","@id":"https:\/\/blog.iberorentapartments.com\/fr\/parking-plaza-cataluna-et-parking-txofre\/","url":"https:\/\/blog.iberorentapartments.com\/fr\/parking-plaza-cataluna-et-parking-txofre\/","name":"Parking Plaza Catalu\u00f1a et Parking Txofre - Blog Iberorent Apartments San Sebasti\u00e1n","isPartOf":{"@id":"https:\/\/blog.iberorentapartments.com\/en\/#website"},"datePublished":"2024-03-02T12:48:36+00:00","dateModified":"2024-04-19T09:00:55+00:00","breadcrumb":{"@id":"https:\/\/blog.iberorentapartments.com\/fr\/parking-plaza-cataluna-et-parking-txofre\/#breadcrumb"},"inLanguage":"fr-FR","potentialAction":[{"@type":"ReadAction","target":["https:\/\/blog.iberorentapartments.com\/fr\/parking-plaza-cataluna-et-parking-txofre\/"]}]},{"@type":"BreadcrumbList","@id":"https:\/\/blog.iberorentapartments.com\/fr\/parking-plaza-cataluna-et-parking-txofre\/#breadcrumb","itemListElement":[{"@type":"ListItem","position":1,"name":"Portada","item":"https:\/\/blog.iberorentapartments.com\/en\/"},{"@type":"ListItem","position":2,"name":"Parking Plaza Catalu\u00f1a et Parking Txofre"}]},{"@type":"WebSite","@id":"https:\/\/blog.iberorentapartments.com\/en\/#website","url":"https:\/\/blog.iberorentapartments.com\/en\/","name":"Blog Iberorent Apartments San Sebasti\u00e1n","description":"Alquiler de apartamentos para estancias cortas.","potentialAction":[{"@type":"SearchAction","target":{"@type":"EntryPoint","urlTemplate":"https:\/\/blog.iberorentapartments.com\/en\/?s={search_term_string}"},"query-input":{"@type":"PropertyValueSpecification","valueRequired":true,"valueName":"search_term_string"}}],"inLanguage":"fr-FR"}]}},"_links":{"self":[{"href":"https:\/\/blog.iberorentapartments.com\/fr\/wp-json\/wp\/v2\/pages\/1395","targetHints":{"allow":["GET"]}}],"collection":[{"href":"https:\/\/blog.iberorentapartments.com\/fr\/wp-json\/wp\/v2\/pages"}],"about":[{"href":"https:\/\/blog.iberorentapartments.com\/fr\/wp-json\/wp\/v2\/types\/page"}],"author":[{"embeddable":true,"href":"https:\/\/blog.iberorentapartments.com\/fr\/wp-json\/wp\/v2\/users\/2"}],"replies":[{"embeddable":true,"href":"https:\/\/blog.iberorentapartments.com\/fr\/wp-json\/wp\/v2\/comments?post=1395"}],"version-history":[{"count":4,"href":"https:\/\/blog.iberorentapartments.com\/fr\/wp-json\/wp\/v2\/pages\/1395\/revisions"}],"predecessor-version":[{"id":1423,"href":"https:\/\/blog.iberorentapartments.com\/fr\/wp-json\/wp\/v2\/pages\/1395\/revisions\/1423"}],"wp:attachment":[{"href":"https:\/\/blog.iberorentapartments.com\/fr\/wp-json\/wp\/v2\/media?parent=1395"}],"curies":[{"name":"wp","href":"https:\/\/api.w.org\/{rel}","templated":true}]}}