{"id":1393,"date":"2024-03-02T12:40:33","date_gmt":"2024-03-02T12:40:33","guid":{"rendered":"https:\/\/blog.iberorentapartments.com\/?page_id=1393"},"modified":"2024-04-19T09:00:40","modified_gmt":"2024-04-19T09:00:40","slug":"parking-plaza-cataluna-and-parking-txofre","status":"publish","type":"page","link":"https:\/\/blog.iberorentapartments.com\/en\/parking-plaza-cataluna-and-parking-txofre\/","title":{"rendered":"Parking Plaza Catalu\u00f1a and Parking Txofre"},"content":{"rendered":"<p>&nbsp;<\/p>\n<ul>\n<li><strong>THE PARKINGS PLAZA CATALU\u00d1A AND TXOFRE\u00a0 ARE \u00a0THE NEAREST TO THE APARTMENT .<\/strong><\/li>\n<\/ul>\n<h1>PARKING PLAZA CATALU\u00d1A<\/h1>\n<p><strong>Address:<\/strong><br \/>\nDe Catalu\u00f1a Square<br \/>\n20001 San Sebasti\u00e1n<\/p>\n<p><strong>Link at Google Maps:<\/strong><br \/>\n<a href=\"https:\/\/goo.gl\/maps\/HtMWasWsFpB2\" target=\"_blank\" rel=\"noopener noreferrer\">https:\/\/goo.gl\/maps\/HtMWasWsFpB2<\/a><\/p>\n<p><strong>Link at Google Street View:<br \/>\n<\/strong><a href=\"https:\/\/goo.gl\/jzfVde\" target=\"_blank\" rel=\"noopener noreferrer\">https:\/\/goo.gl\/jzfVde<\/a><\/p>\n<p><strong>GPS coordinates: \u00a0<\/strong><br \/>\nLatitud: 43.323669<br \/>\nLongitud: -1.975362<\/p>\n<p><strong>Price:<\/strong><br \/>\nNormal 25\u20ac\/d\u00eda<\/p>\n<p><strong>ONLINE BOOKINGS:<\/strong><br \/>\n<a href=\"https:\/\/www.telpark.com\/en\/cities\/donostia-san-sebastian\/plaza-cataluna-car-park\/\"><strong>https:\/\/www.telpark.com\/en\/cities\/donostia-san-sebastian\/plaza-cataluna-car-park\/<\/strong><\/a><\/p>\n<p><strong>Additional information:<br \/>\n<\/strong>Maximum high \u00a0220 cm<br \/>\nPhone +34 943 32 32 33<\/p>\n<p><strong>Free spaces live:<br \/>\n<\/strong>(Parking Plaza Catalu\u00f1a on the left column)<br \/>\n<a href=\"http:\/\/movilidad.dinypark.com\/donostia\/\">http:\/\/movilidad.dinypark.com\/donostia\/\u00a0<\/a><\/p>\n<h1>PARKING TXOFRE<\/h1>\n<ul>\n<li><span style=\"color: #ff0000;\"><strong>WE RECOMMEND THE ONLINE BOOKING TO GET THE BEST PRICE<br \/>\n<\/strong>YOU CAN ALSO BUY PREPAID TICKETS ON ARRIVAL AT THE INFORMATION CABIN<strong><br \/>\n<\/strong>(there&#8217;s a ring bell at the cabin to call the parking staff)<\/span><\/li>\n<\/ul>\n<p><strong>Address:<\/strong><br \/>\n1 Bermingham Street<br \/>\n20001 San Sebastian<\/p>\n<p><strong>ONLINE BOOKINGS:<\/strong><br \/>\n<a href=\"http:\/\/www.parkingtxofre.es\/en\" target=\"_blank\" rel=\"noopener noreferrer\">www.parkingtxofre.es\/en<\/a><\/p>\n<p><strong>Link at Google Maps:<\/strong><br \/>\n<a href=\"https:\/\/goo.gl\/maps\/Mk8BQG5MD552\" target=\"_blank\" rel=\"noopener noreferrer\">https:\/\/goo.gl\/maps\/Mk8BQG5MD552<\/a><\/p>\n<p><strong>Link at Google Street View:<br \/>\n<\/strong><a href=\"https:\/\/goo.gl\/1ow8BV\" target=\"_blank\" rel=\"noopener noreferrer\">https:\/\/goo.gl\/1ow8BV<\/a><\/p>\n<p><strong>GPS coordinates:\u00a0<\/strong><br \/>\nLatitude: 43.323755<br \/>\nLongitude: -1.971471999<\/p>\n<p><strong>Price:<\/strong><br \/>\nNormal: 25\u20ac\/day<br \/>\nPrepaid: 20-16\u20ac\/day \u00a0(depending of the number of days)<\/p>\n<p><strong>Free services:<br \/>\n<\/strong>Bike loan (Subject to availability)<br \/>\nLoan of umbrellas<br \/>\nInflating tires<br \/>\nStarting up booster<\/p>\n<p><strong>Additional information:<\/strong><strong><br \/>\n<\/strong>Maximum high \u00a0195 cm<br \/>\nPhone\u00a0+34 943 27 62 12<\/p>\n<p>&nbsp;<\/p>\n<div id=\"gtx-trans\" style=\"position: absolute; left: -4px; top: 522.875px;\">\n<div class=\"gtx-trans-icon\"><\/div>\n<\/div>\n","protected":false},"excerpt":{"rendered":"<p>&nbsp; THE PARKINGS PLAZA CATALU\u00d1A AND TXOFRE\u00a0 ARE \u00a0THE NEAREST TO THE APARTMENT . PARKING PLAZA CATALU\u00d1A Address: De Catalu\u00f1a&#8230;<\/p>\n","protected":false},"author":2,"featured_media":0,"parent":0,"menu_order":0,"comment_status":"closed","ping_status":"closed","template":"","meta":{"footnotes":""},"class_list":["post-1393","page","type-page","status-publish","hentry"],"yoast_head":"<!-- This site is optimized with the Yoast SEO plugin v27.4 - https:\/\/yoast.com\/product\/yoast-seo-wordpress\/ -->\n<title>Parking Plaza Catalu\u00f1a and Parking Txofre - Blog Iberorent Apartments San Sebasti\u00e1n<\/title>\n<meta name=\"robots\" content=\"index, follow, max-snippet:-1, max-image-preview:large, max-video-preview:-1\" \/>\n<link rel=\"canonical\" href=\"https:\/\/blog.iberorentapartments.com\/en\/parking-plaza-cataluna-and-parking-txofre\/\" \/>\n<meta property=\"og:locale\" content=\"en_US\" \/>\n<meta property=\"og:type\" content=\"article\" \/>\n<meta property=\"og:title\" content=\"Parking Plaza Catalu\u00f1a and Parking Txofre - Blog Iberorent Apartments San Sebasti\u00e1n\" \/>\n<meta property=\"og:description\" content=\"&nbsp; THE PARKINGS PLAZA CATALU\u00d1A AND TXOFRE\u00a0 ARE \u00a0THE NEAREST TO THE APARTMENT . PARKING PLAZA CATALU\u00d1A Address: De Catalu\u00f1a...\" \/>\n<meta property=\"og:url\" content=\"https:\/\/blog.iberorentapartments.com\/en\/parking-plaza-cataluna-and-parking-txofre\/\" \/>\n<meta property=\"og:site_name\" content=\"Blog Iberorent Apartments San Sebasti\u00e1n\" \/>\n<meta property=\"article:modified_time\" content=\"2024-04-19T09:00:40+00:00\" \/>\n<meta name=\"twitter:card\" content=\"summary_large_image\" \/>\n<meta name=\"twitter:label1\" content=\"Est. reading time\" \/>\n\t<meta name=\"twitter:data1\" content=\"1 minute\" \/>\n<script type=\"application\/ld+json\" class=\"yoast-schema-graph\">{\"@context\":\"https:\\\/\\\/schema.org\",\"@graph\":[{\"@type\":\"WebPage\",\"@id\":\"https:\\\/\\\/blog.iberorentapartments.com\\\/en\\\/parking-plaza-cataluna-and-parking-txofre\\\/\",\"url\":\"https:\\\/\\\/blog.iberorentapartments.com\\\/en\\\/parking-plaza-cataluna-and-parking-txofre\\\/\",\"name\":\"Parking Plaza Catalu\u00f1a and Parking Txofre - Blog Iberorent Apartments San Sebasti\u00e1n\",\"isPartOf\":{\"@id\":\"https:\\\/\\\/blog.iberorentapartments.com\\\/en\\\/#website\"},\"datePublished\":\"2024-03-02T12:40:33+00:00\",\"dateModified\":\"2024-04-19T09:00:40+00:00\",\"breadcrumb\":{\"@id\":\"https:\\\/\\\/blog.iberorentapartments.com\\\/en\\\/parking-plaza-cataluna-and-parking-txofre\\\/#breadcrumb\"},\"inLanguage\":\"en-US\",\"potentialAction\":[{\"@type\":\"ReadAction\",\"target\":[\"https:\\\/\\\/blog.iberorentapartments.com\\\/en\\\/parking-plaza-cataluna-and-parking-txofre\\\/\"]}]},{\"@type\":\"BreadcrumbList\",\"@id\":\"https:\\\/\\\/blog.iberorentapartments.com\\\/en\\\/parking-plaza-cataluna-and-parking-txofre\\\/#breadcrumb\",\"itemListElement\":[{\"@type\":\"ListItem\",\"position\":1,\"name\":\"Portada\",\"item\":\"https:\\\/\\\/blog.iberorentapartments.com\\\/en\\\/\"},{\"@type\":\"ListItem\",\"position\":2,\"name\":\"Parking Plaza Catalu\u00f1a and Parking Txofre\"}]},{\"@type\":\"WebSite\",\"@id\":\"https:\\\/\\\/blog.iberorentapartments.com\\\/en\\\/#website\",\"url\":\"https:\\\/\\\/blog.iberorentapartments.com\\\/en\\\/\",\"name\":\"Blog Iberorent Apartments San Sebasti\u00e1n\",\"description\":\"Alquiler de apartamentos para estancias cortas.\",\"potentialAction\":[{\"@type\":\"SearchAction\",\"target\":{\"@type\":\"EntryPoint\",\"urlTemplate\":\"https:\\\/\\\/blog.iberorentapartments.com\\\/en\\\/?s={search_term_string}\"},\"query-input\":{\"@type\":\"PropertyValueSpecification\",\"valueRequired\":true,\"valueName\":\"search_term_string\"}}],\"inLanguage\":\"en-US\"}]}<\/script>\n<!-- \/ Yoast SEO plugin. -->","yoast_head_json":{"title":"Parking Plaza Catalu\u00f1a and Parking Txofre - Blog Iberorent Apartments San Sebasti\u00e1n","robots":{"index":"index","follow":"follow","max-snippet":"max-snippet:-1","max-image-preview":"max-image-preview:large","max-video-preview":"max-video-preview:-1"},"canonical":"https:\/\/blog.iberorentapartments.com\/en\/parking-plaza-cataluna-and-parking-txofre\/","og_locale":"en_US","og_type":"article","og_title":"Parking Plaza Catalu\u00f1a and Parking Txofre - Blog Iberorent Apartments San Sebasti\u00e1n","og_description":"&nbsp; THE PARKINGS PLAZA CATALU\u00d1A AND TXOFRE\u00a0 ARE \u00a0THE NEAREST TO THE APARTMENT . PARKING PLAZA CATALU\u00d1A Address: De Catalu\u00f1a...","og_url":"https:\/\/blog.iberorentapartments.com\/en\/parking-plaza-cataluna-and-parking-txofre\/","og_site_name":"Blog Iberorent Apartments San Sebasti\u00e1n","article_modified_time":"2024-04-19T09:00:40+00:00","twitter_card":"summary_large_image","twitter_misc":{"Est. reading time":"1 minute"},"schema":{"@context":"https:\/\/schema.org","@graph":[{"@type":"WebPage","@id":"https:\/\/blog.iberorentapartments.com\/en\/parking-plaza-cataluna-and-parking-txofre\/","url":"https:\/\/blog.iberorentapartments.com\/en\/parking-plaza-cataluna-and-parking-txofre\/","name":"Parking Plaza Catalu\u00f1a and Parking Txofre - Blog Iberorent Apartments San Sebasti\u00e1n","isPartOf":{"@id":"https:\/\/blog.iberorentapartments.com\/en\/#website"},"datePublished":"2024-03-02T12:40:33+00:00","dateModified":"2024-04-19T09:00:40+00:00","breadcrumb":{"@id":"https:\/\/blog.iberorentapartments.com\/en\/parking-plaza-cataluna-and-parking-txofre\/#breadcrumb"},"inLanguage":"en-US","potentialAction":[{"@type":"ReadAction","target":["https:\/\/blog.iberorentapartments.com\/en\/parking-plaza-cataluna-and-parking-txofre\/"]}]},{"@type":"BreadcrumbList","@id":"https:\/\/blog.iberorentapartments.com\/en\/parking-plaza-cataluna-and-parking-txofre\/#breadcrumb","itemListElement":[{"@type":"ListItem","position":1,"name":"Portada","item":"https:\/\/blog.iberorentapartments.com\/en\/"},{"@type":"ListItem","position":2,"name":"Parking Plaza Catalu\u00f1a and Parking Txofre"}]},{"@type":"WebSite","@id":"https:\/\/blog.iberorentapartments.com\/en\/#website","url":"https:\/\/blog.iberorentapartments.com\/en\/","name":"Blog Iberorent Apartments San Sebasti\u00e1n","description":"Alquiler de apartamentos para estancias cortas.","potentialAction":[{"@type":"SearchAction","target":{"@type":"EntryPoint","urlTemplate":"https:\/\/blog.iberorentapartments.com\/en\/?s={search_term_string}"},"query-input":{"@type":"PropertyValueSpecification","valueRequired":true,"valueName":"search_term_string"}}],"inLanguage":"en-US"}]}},"_links":{"self":[{"href":"https:\/\/blog.iberorentapartments.com\/en\/wp-json\/wp\/v2\/pages\/1393","targetHints":{"allow":["GET"]}}],"collection":[{"href":"https:\/\/blog.iberorentapartments.com\/en\/wp-json\/wp\/v2\/pages"}],"about":[{"href":"https:\/\/blog.iberorentapartments.com\/en\/wp-json\/wp\/v2\/types\/page"}],"author":[{"embeddable":true,"href":"https:\/\/blog.iberorentapartments.com\/en\/wp-json\/wp\/v2\/users\/2"}],"replies":[{"embeddable":true,"href":"https:\/\/blog.iberorentapartments.com\/en\/wp-json\/wp\/v2\/comments?post=1393"}],"version-history":[{"count":4,"href":"https:\/\/blog.iberorentapartments.com\/en\/wp-json\/wp\/v2\/pages\/1393\/revisions"}],"predecessor-version":[{"id":1422,"href":"https:\/\/blog.iberorentapartments.com\/en\/wp-json\/wp\/v2\/pages\/1393\/revisions\/1422"}],"wp:attachment":[{"href":"https:\/\/blog.iberorentapartments.com\/en\/wp-json\/wp\/v2\/media?parent=1393"}],"curies":[{"name":"wp","href":"https:\/\/api.w.org\/{rel}","templated":true}]}}